{"id":309,"date":"2024-06-11T18:42:43","date_gmt":"2024-06-11T18:42:43","guid":{"rendered":"https:\/\/enterateconsebastianquintero.com\/?page_id=309"},"modified":"2024-06-11T18:42:44","modified_gmt":"2024-06-11T18:42:44","slug":"enterate-aprovecha-una-poliza-dental-y-de-vision","status":"publish","type":"page","link":"https:\/\/enterateconsebastianquintero.com\/en\/videos\/enterate-aprovecha-una-poliza-dental-y-de-vision\/","title":{"rendered":"\u00a1Ent\u00e9rate! Aprovecha una p\u00f3liza dental y de visi\u00f3n"},"content":{"rendered":"<figure class=\"wp-block-embed is-type-video is-provider-youtube wp-block-embed-youtube wp-embed-aspect-16-9 wp-has-aspect-ratio\"><div class=\"wp-block-embed__wrapper\">\n<iframe loading=\"lazy\" title=\"\u00a1Ent\u00e9rate! con Sebastian Quintero\" width=\"640\" height=\"360\" src=\"https:\/\/www.youtube.com\/embed\/9zhWJITFfEU?feature=oembed\" frameborder=\"0\" allow=\"accelerometer; autoplay; clipboard-write; encrypted-media; gyroscope; picture-in-picture; web-share\" referrerpolicy=\"strict-origin-when-cross-origin\" allowfullscreen><\/iframe>\n<\/div><\/figure>","protected":false},"excerpt":{"rendered":"","protected":false},"author":1,"featured_media":0,"parent":218,"menu_order":0,"comment_status":"closed","ping_status":"closed","template":"","meta":[],"_links":{"self":[{"href":"https:\/\/enterateconsebastianquintero.com\/en\/wp-json\/wp\/v2\/pages\/309"}],"collection":[{"href":"https:\/\/enterateconsebastianquintero.com\/en\/wp-json\/wp\/v2\/pages"}],"about":[{"href":"https:\/\/enterateconsebastianquintero.com\/en\/wp-json\/wp\/v2\/types\/page"}],"author":[{"embeddable":true,"href":"https:\/\/enterateconsebastianquintero.com\/en\/wp-json\/wp\/v2\/users\/1"}],"replies":[{"embeddable":true,"href":"https:\/\/enterateconsebastianquintero.com\/en\/wp-json\/wp\/v2\/comments?post=309"}],"version-history":[{"count":1,"href":"https:\/\/enterateconsebastianquintero.com\/en\/wp-json\/wp\/v2\/pages\/309\/revisions"}],"predecessor-version":[{"id":310,"href":"https:\/\/enterateconsebastianquintero.com\/en\/wp-json\/wp\/v2\/pages\/309\/revisions\/310"}],"up":[{"embeddable":true,"href":"https:\/\/enterateconsebastianquintero.com\/en\/wp-json\/wp\/v2\/pages\/218"}],"wp:attachment":[{"href":"https:\/\/enterateconsebastianquintero.com\/en\/wp-json\/wp\/v2\/media?parent=309"}],"curies":[{"name":"wp","href":"https:\/\/api.w.org\/{rel}","templated":true}]}}